{"id":974,"date":"2019-03-21T16:54:20","date_gmt":"2019-03-21T19:54:20","guid":{"rendered":"http:\/\/www.disur.com.ar\/v2\/wordpress\/?post_type=product&#038;p=974"},"modified":"2019-03-21T16:54:20","modified_gmt":"2019-03-21T19:54:20","slug":"antiparra-doble-cristal-para-soldadura-autogena-fravida","status":"publish","type":"product","link":"http:\/\/www.disur.com.ar\/v2\/wordpress\/product\/antiparra-doble-cristal-para-soldadura-autogena-fravida\/","title":{"rendered":"Antiparra Doble Cristal Para Soldadura Aut\u00f3gena Fravida"},"content":{"rendered":"","protected":false},"excerpt":{"rendered":"<h2 class=\"main-section__title item-description__title\">Descripci\u00f3n<\/h2>\n<div id=\"description-includes\" class=\"item-description__content \">\n<div class=\"item-description__text\">\n<p>ANTIPARRA DOBLE CRISTAL PARA SOLDADURA AUTOGENA FRAVIDA 1745<br \/>\n&#8211; Antiparra de protecci\u00f3n para soldadura oxiacetil\u00e9nica.<br \/>\n&#8211; Construido en PVC.<br \/>\n&#8211; Liviana.<br \/>\n&#8211; Doble Visor: uno fijo transparente, el otro levadizo de dos oculares cada uno.<br \/>\n&#8211; Bordes anat\u00f3micos que brindan un excelente ajuste al contorno de la cara.<br \/>\n&#8211; Cuatro v\u00e1lvulas de ventilaci\u00f3n indirecta.<br \/>\n&#8211; Banda el\u00e1stica regulable.<br \/>\nUsos recomendados:<br \/>\n&#8211; Soldadura oxiacetil\u00e9nica, tareas de corte, gas, plasma, luminotecnia, l\u00e1ser, radiaci\u00f3n UV.<br \/>\n&#8211; No apta para soldadura y corte por arco electrico.<br \/>\nNormas: IRAM 3630-2, 3630-4, 3630-5, 3630-6, 3630-8.<\/p>\n<\/div>\n<\/div>\n","protected":false},"featured_media":975,"comment_status":"open","ping_status":"closed","template":"","meta":[],"_links":{"self":[{"href":"http:\/\/www.disur.com.ar\/v2\/wordpress\/wp-json\/wp\/v2\/product\/974"}],"collection":[{"href":"http:\/\/www.disur.com.ar\/v2\/wordpress\/wp-json\/wp\/v2\/product"}],"about":[{"href":"http:\/\/www.disur.com.ar\/v2\/wordpress\/wp-json\/wp\/v2\/types\/product"}],"replies":[{"embeddable":true,"href":"http:\/\/www.disur.com.ar\/v2\/wordpress\/wp-json\/wp\/v2\/comments?post=974"}],"wp:featuredmedia":[{"embeddable":true,"href":"http:\/\/www.disur.com.ar\/v2\/wordpress\/wp-json\/wp\/v2\/media\/975"}],"wp:attachment":[{"href":"http:\/\/www.disur.com.ar\/v2\/wordpress\/wp-json\/wp\/v2\/media?parent=974"}],"curies":[{"name":"wp","href":"https:\/\/api.w.org\/{rel}","templated":true}]}}