{"id":922,"date":"2019-03-19T14:42:31","date_gmt":"2019-03-19T17:42:31","guid":{"rendered":"http:\/\/www.disur.com.ar\/v2\/wordpress\/?post_type=product&#038;p=922"},"modified":"2019-03-19T14:42:31","modified_gmt":"2019-03-19T17:42:31","slug":"guante-kevlar-acolchonado-algodon-p-cuero","status":"publish","type":"product","link":"http:\/\/www.disur.com.ar\/v2\/wordpress\/product\/guante-kevlar-acolchonado-algodon-p-cuero\/","title":{"rendered":"GUANTE  KEVLAR  ACOLCHONADO  ALGODON  P.CUERO"},"content":{"rendered":"","protected":false},"excerpt":{"rendered":"<h3>Descripci\u00f3n del producto<\/h3>\n<p>Guante tejido con hilado DuPont\u2122 Kevlar\u00ae, con acolchado aislante de 100% algod\u00f3n, cuatro (4) c\u00e1maras de aire para una mejor aislaci\u00f3n t\u00e9rmica y pu\u00f1o de cuero. Fabricado en tejido especial de Terrycloth de contextura compacta, cerrada y espesa, la cual asegura la m\u00e1xima protecci\u00f3n en toda la mano por su alta resistencia al corte<\/p>\n","protected":false},"featured_media":920,"comment_status":"open","ping_status":"closed","template":"","meta":[],"_links":{"self":[{"href":"http:\/\/www.disur.com.ar\/v2\/wordpress\/wp-json\/wp\/v2\/product\/922"}],"collection":[{"href":"http:\/\/www.disur.com.ar\/v2\/wordpress\/wp-json\/wp\/v2\/product"}],"about":[{"href":"http:\/\/www.disur.com.ar\/v2\/wordpress\/wp-json\/wp\/v2\/types\/product"}],"replies":[{"embeddable":true,"href":"http:\/\/www.disur.com.ar\/v2\/wordpress\/wp-json\/wp\/v2\/comments?post=922"}],"wp:featuredmedia":[{"embeddable":true,"href":"http:\/\/www.disur.com.ar\/v2\/wordpress\/wp-json\/wp\/v2\/media\/920"}],"wp:attachment":[{"href":"http:\/\/www.disur.com.ar\/v2\/wordpress\/wp-json\/wp\/v2\/media?parent=922"}],"curies":[{"name":"wp","href":"https:\/\/api.w.org\/{rel}","templated":true}]}}