{"id":336,"date":"2018-11-30T18:49:26","date_gmt":"2018-11-30T21:49:26","guid":{"rendered":"http:\/\/www.disur.com.ar\/v2\/wordpress\/?post_type=product&#038;p=336"},"modified":"2018-11-30T18:53:06","modified_gmt":"2018-11-30T21:53:06","slug":"tapon-3m-1110-autoexpansible-nrr-29-db-con-cordel","status":"publish","type":"product","link":"http:\/\/www.disur.com.ar\/v2\/wordpress\/product\/tapon-3m-1110-autoexpansible-nrr-29-db-con-cordel\/","title":{"rendered":"Tapon 3M 1110 Autoexpansible NRR 29 dB con Cordel"},"content":{"rendered":"","protected":false},"excerpt":{"rendered":"<p>Los tapones auditivos de espuma desechables tambi\u00e9n est\u00e1n disponibles con un cord\u00f3n que cae alrededor del cuello, lo que permite a los trabajadores retirar e insertar de nuevo los tapones en forma repetida durante el d\u00eda laboral. NRR 29 dB*.<\/p>\n<p>Los tapones protectores auditivos desechables 3M 1110 (con cord\u00f3n), fabricados con materiales hipoalerg\u00e9nicos, brindan una efectiva e higi\u00e9nica protecci\u00f3n a los trabajadores que se desempe\u00f1an en \u00e1reas donde los niveles de ruido superan los 85 dB(A) por jornada de trabajo.<\/p>\n<p>Su forma c\u00f3nica y su superficie perfectamente lisa han sido espec\u00edficamente dise\u00f1ados para adaptarse c\u00f3modamente a la mayor\u00eda de los canales auditivos, el color naranja del tap\u00f3n 3M 1110 permite una f\u00e1cil visualizaci\u00f3n y comprobaci\u00f3n de uso en los lugares de trabajo.<\/p>\n<p>El cord\u00f3n permite una f\u00e1cil manipulaci\u00f3n y evita extraviarlos.<\/p>\n<p>Los tapones auditivos 3M 1110 pueden utilizarse en aquellas industrias donde exista riesgo de exposici\u00f3n a ruido, tales como construcci\u00f3n, procesos de maderas, metalurgia, o donde existan motores o turbinas. Est\u00e1n recomendados en aquellos puestos de trabajo donde existe tanto exposici\u00f3n al ruido como a la humedad o al calor.<\/p>\n","protected":false},"featured_media":337,"comment_status":"open","ping_status":"closed","template":"","meta":[],"_links":{"self":[{"href":"http:\/\/www.disur.com.ar\/v2\/wordpress\/wp-json\/wp\/v2\/product\/336"}],"collection":[{"href":"http:\/\/www.disur.com.ar\/v2\/wordpress\/wp-json\/wp\/v2\/product"}],"about":[{"href":"http:\/\/www.disur.com.ar\/v2\/wordpress\/wp-json\/wp\/v2\/types\/product"}],"replies":[{"embeddable":true,"href":"http:\/\/www.disur.com.ar\/v2\/wordpress\/wp-json\/wp\/v2\/comments?post=336"}],"wp:featuredmedia":[{"embeddable":true,"href":"http:\/\/www.disur.com.ar\/v2\/wordpress\/wp-json\/wp\/v2\/media\/337"}],"wp:attachment":[{"href":"http:\/\/www.disur.com.ar\/v2\/wordpress\/wp-json\/wp\/v2\/media?parent=336"}],"curies":[{"name":"wp","href":"https:\/\/api.w.org\/{rel}","templated":true}]}}