{"id":273,"date":"2018-11-30T15:40:20","date_gmt":"2018-11-30T18:40:20","guid":{"rendered":"http:\/\/www.disur.com.ar\/v2\/wordpress\/?post_type=product&#038;p=273"},"modified":"2018-11-30T15:41:29","modified_gmt":"2018-11-30T18:41:29","slug":"delantal-aluminizado","status":"publish","type":"product","link":"http:\/\/www.disur.com.ar\/v2\/wordpress\/product\/delantal-aluminizado\/","title":{"rendered":"Delantal Aluminizado"},"content":{"rendered":"","protected":false},"excerpt":{"rendered":"<p>Se presentan en dos variantes: Aramida o Kevlar Aluminizados (Ver hoja T\u00e9cnica). Los tejidos aluminizados Dual Mirror\u00ae(Ver Galer\u00eda) han demostrado ser superiores en prestaciones y coste-efecto en la mayor\u00eda de las aplicaciones demandadas.<\/p>\n<p>Disponibilidad: Entrega Inmediata<\/p>\n<p>Medidas:<br \/>\n70 cm x 100 cm<br \/>\n120 cm x 80 cm<\/p>\n<p>Descubra la diferencia de Dual Mirror\u00ae<br \/>\nSe ha demostrado que una superficie metalizada de aluminio es la barrera m\u00e1s efectiva para detener el calor radiante (infrarrojo). La superficie, semejante a un espejo, refleja el calor radiante evitando que sea absorbido por el tejido.<\/p>\n<p>Nuestro sistema Dual Mirror incorpora un sistema con una estructura de cinco capas(Ver Galer\u00eda) que asegura una elevada resistencia a la abrasi\u00f3n, por lo que el tejido permanece altamente reflectante despu\u00e9s de un uso repetitivo. Las cinco capas consisten en: una capa exterior de aluminio, un film protector, una segunda capa de aluminio, un adhesivo estable al calor y un tejido base. Estas capas se combinan para formar un \u00fanico tejido. A continuaci\u00f3n se enumeran los atributos principales que los tejidos aluminizados Dual Mirror ofrecen: <\/p>\n<p>1.Estructura de cinco capas para una m\u00e1xima reflectividad y durabilidad.<br \/>\n2.El mejor material de barrera a altas temperaturas<br \/>\n3.Refleja el 95% de calor infrarrojo<br \/>\n4.Las especificaciones de nuestros tejidos cumplen con:<br \/>\n-Los requisitos NFPA 1976, para Escudos de Proximidad de Bomberos<br \/>\n-NFPA 701, Textiles y Films resistentes a flamas<br \/>\n-Normas Europeas (EN) para Prendas de Protecci\u00f3n<br \/>\n-MIL-C-87076A<br \/>\n-MIL-C-24929A<br \/>\n-ASTM F955-85<\/p>\n","protected":false},"featured_media":274,"comment_status":"open","ping_status":"closed","template":"","meta":[],"_links":{"self":[{"href":"http:\/\/www.disur.com.ar\/v2\/wordpress\/wp-json\/wp\/v2\/product\/273"}],"collection":[{"href":"http:\/\/www.disur.com.ar\/v2\/wordpress\/wp-json\/wp\/v2\/product"}],"about":[{"href":"http:\/\/www.disur.com.ar\/v2\/wordpress\/wp-json\/wp\/v2\/types\/product"}],"replies":[{"embeddable":true,"href":"http:\/\/www.disur.com.ar\/v2\/wordpress\/wp-json\/wp\/v2\/comments?post=273"}],"wp:featuredmedia":[{"embeddable":true,"href":"http:\/\/www.disur.com.ar\/v2\/wordpress\/wp-json\/wp\/v2\/media\/274"}],"wp:attachment":[{"href":"http:\/\/www.disur.com.ar\/v2\/wordpress\/wp-json\/wp\/v2\/media?parent=273"}],"curies":[{"name":"wp","href":"https:\/\/api.w.org\/{rel}","templated":true}]}}