{"id":203,"date":"2018-10-16T19:30:21","date_gmt":"2018-10-16T22:30:21","guid":{"rendered":"http:\/\/www.disur.com.ar\/v2\/wordpress\/?post_type=product&#038;p=203"},"modified":"2018-10-16T19:33:46","modified_gmt":"2018-10-16T22:33:46","slug":"ultra-livianos-frontier","status":"publish","type":"product","link":"http:\/\/www.disur.com.ar\/v2\/wordpress\/product\/ultra-livianos-frontier\/","title":{"rendered":"Ultra Livianos &#8211; FRONTIER"},"content":{"rendered":"<p><strong>Modelo: Bot\u00edn Urbano Ultraliviano<\/strong><br \/>\n<strong>COMPOSICI\u00d3N CAPELLADA<\/strong><br \/>\nColor: Marr\u00f3n<br \/>\nExterior: Combinaci\u00f3n de Cuero Nobuck y Materiales Textiles<br \/>\nInterior: Forro textil con tratamiento antimicrobiano<br \/>\nCuello: Acolchado<br \/>\nLeng\u00fceta: Forrada y acolchada<br \/>\n<strong>PUNTERA:<\/strong> Aluminio<br \/>\n<strong>ACCESORIOS<\/strong><br \/>\nCordones: Ultra resistentes a la tracci\u00f3n con REFLEMAX<br \/>\nPasacordones: Ojalillos reforzados<br \/>\nPlantillas: Plantilla ultra confort conformada ergon\u00f3mica<br \/>\n<strong>PLANTA<\/strong><br \/>\nOtras Propiedades:<br \/>\n\u2022 Antideslizante<br \/>\n\u2022 IPD Technology<br \/>\n\u2022 Shock Absorber<br \/>\n\u2022 Resistente a Hidrocarburos<br \/>\n\u2022 Autolimpiante<br \/>\n\u2022 Resistente a la Abrasi\u00f3n<br \/>\n\u2022 Diel\u00e9ctrica<br \/>\n\u2022 Resistente a la Flexi\u00f3n<br \/>\nCompuesto: Poliuretano Multidensidad<br \/>\nInsertos: DCP System<br \/>\nAdhesi\u00f3n capellada planta: Inyecci\u00f3n directa<br \/>\n<strong>NUMERACI\u00d3N:<\/strong> Del 36 al 46<\/p>\n","protected":false},"excerpt":{"rendered":"<p>Bot\u00edn urbano ultraliviano de seguridad. Cuero ultra premium, dise\u00f1o y tecnolog\u00eda de vanguardia. Confort sin l\u00edmites y m\u00e1xima protecci\u00f3n.<\/p>\n","protected":false},"featured_media":204,"comment_status":"open","ping_status":"closed","template":"","meta":[],"_links":{"self":[{"href":"http:\/\/www.disur.com.ar\/v2\/wordpress\/wp-json\/wp\/v2\/product\/203"}],"collection":[{"href":"http:\/\/www.disur.com.ar\/v2\/wordpress\/wp-json\/wp\/v2\/product"}],"about":[{"href":"http:\/\/www.disur.com.ar\/v2\/wordpress\/wp-json\/wp\/v2\/types\/product"}],"replies":[{"embeddable":true,"href":"http:\/\/www.disur.com.ar\/v2\/wordpress\/wp-json\/wp\/v2\/comments?post=203"}],"wp:featuredmedia":[{"embeddable":true,"href":"http:\/\/www.disur.com.ar\/v2\/wordpress\/wp-json\/wp\/v2\/media\/204"}],"wp:attachment":[{"href":"http:\/\/www.disur.com.ar\/v2\/wordpress\/wp-json\/wp\/v2\/media?parent=203"}],"curies":[{"name":"wp","href":"https:\/\/api.w.org\/{rel}","templated":true}]}}