{"id":1086,"date":"2019-04-03T16:23:19","date_gmt":"2019-04-03T19:23:19","guid":{"rendered":"http:\/\/www.disur.com.ar\/v2\/wordpress\/?post_type=product&#038;p=1086"},"modified":"2019-04-03T17:25:28","modified_gmt":"2019-04-03T20:25:28","slug":"salvacaidas-ac-inox-para-cuerda-13-mm-con-bloqueo-secundario-y-mosqueton-eslabon","status":"publish","type":"product","link":"http:\/\/www.disur.com.ar\/v2\/wordpress\/product\/salvacaidas-ac-inox-para-cuerda-13-mm-con-bloqueo-secundario-y-mosqueton-eslabon\/","title":{"rendered":"Salvacaidas Ac Inox. para cuerda 13 MM con Bloqueo  Secundario  y Mosqueton  Eslab\u00f3n (M\u00e1ximo Esfuerzo)"},"content":{"rendered":"","protected":false},"excerpt":{"rendered":"<p>Dispositivo antica\u00eddas deslizante sobre l\u00ednea de vida exible.<br \/>\nFabricado seg\u00fan Norma IRAM 3605<br \/>\nMosquetones de acero, templado y revenido 34\/36 HRC, de 18 mm de apetura.<br \/>\nPosee un sistema de freno secundario de accionamiento manual que permite reducir al m\u00e1ximo la distancia<br \/>\nde ca\u00edda, brindando m\u00e1xima seguridad al operario.<br \/>\nApto para operar con cuerda de seguridad de 12-14mm de di\u00e1metro.<br \/>\nUSOS HABITUALES<br \/>\nEste dispositivo antica\u00eddas ha sido dise\u00f1ado como un componente de un Sistema antica\u00eddas.<br \/>\nSe utiliza en oeraciones de ascenso descenso sobre escaleras verticales, postes, torres de comunicaci\u00f3n,<br \/>\ntrabajos en silleta, andamios, espacios confinados<\/p>\n<p>Marca Maximo Esfuerzo<\/p>\n","protected":false},"featured_media":1087,"comment_status":"closed","ping_status":"closed","template":"","meta":[],"_links":{"self":[{"href":"http:\/\/www.disur.com.ar\/v2\/wordpress\/wp-json\/wp\/v2\/product\/1086"}],"collection":[{"href":"http:\/\/www.disur.com.ar\/v2\/wordpress\/wp-json\/wp\/v2\/product"}],"about":[{"href":"http:\/\/www.disur.com.ar\/v2\/wordpress\/wp-json\/wp\/v2\/types\/product"}],"replies":[{"embeddable":true,"href":"http:\/\/www.disur.com.ar\/v2\/wordpress\/wp-json\/wp\/v2\/comments?post=1086"}],"wp:featuredmedia":[{"embeddable":true,"href":"http:\/\/www.disur.com.ar\/v2\/wordpress\/wp-json\/wp\/v2\/media\/1087"}],"wp:attachment":[{"href":"http:\/\/www.disur.com.ar\/v2\/wordpress\/wp-json\/wp\/v2\/media?parent=1086"}],"curies":[{"name":"wp","href":"https:\/\/api.w.org\/{rel}","templated":true}]}}